{"id":260,"date":"2025-10-27T09:25:07","date_gmt":"2025-10-27T08:25:07","guid":{"rendered":"https:\/\/dev.christianstaden.de\/metam-coaching\/?page_id=260"},"modified":"2025-10-30T22:15:58","modified_gmt":"2025-10-30T21:15:58","slug":"publikationen","status":"publish","type":"page","link":"https:\/\/dev.christianstaden.de\/metam-coaching\/publikationen\/","title":{"rendered":"Publikationen"},"content":{"rendered":"\n<div class=\"wp-block-cover alignfull has-custom-metam-4-color has-text-color has-link-color wp-elements-fd2971fde587a62dc2d6242798bc0079\" style=\"margin-top:0;margin-bottom:0\"><img loading=\"lazy\" decoding=\"async\" width=\"1600\" height=\"1067\" class=\"wp-block-cover__image-background wp-image-65 size-full\" alt=\"people sitting on chair in front of table while holding pens during daytime\" src=\"https:\/\/dev.christianstaden.de\/metam-coaching\/wp-content\/uploads\/2025\/08\/kdeqa3atnby.jpg\" style=\"object-position:53% 76%\" data-object-fit=\"cover\" data-object-position=\"53% 76%\" srcset=\"https:\/\/dev.christianstaden.de\/metam-coaching\/wp-content\/uploads\/2025\/08\/kdeqa3atnby.jpg 1600w, https:\/\/dev.christianstaden.de\/metam-coaching\/wp-content\/uploads\/2025\/08\/kdeqa3atnby-300x200.jpg 300w, https:\/\/dev.christianstaden.de\/metam-coaching\/wp-content\/uploads\/2025\/08\/kdeqa3atnby-1024x683.jpg 1024w, https:\/\/dev.christianstaden.de\/metam-coaching\/wp-content\/uploads\/2025\/08\/kdeqa3atnby-768x512.jpg 768w, https:\/\/dev.christianstaden.de\/metam-coaching\/wp-content\/uploads\/2025\/08\/kdeqa3atnby-1536x1024.jpg 1536w\" sizes=\"auto, (max-width: 1600px) 100vw, 1600px\" \/><span aria-hidden=\"true\" class=\"wp-block-cover__background has-custom-metam-1-background-color has-background-dim-70 has-background-dim\"><\/span><div class=\"wp-block-cover__inner-container is-layout-flow wp-block-cover-is-layout-flow\">\n<h1 class=\"wp-block-heading has-text-align-center is-style-default\" style=\"font-style:normal;font-weight:700\">Publikationen<\/h1>\n<\/div><\/div>\n\n\n\n<main class=\"wp-block-group alignfull is-style-section-1 has-global-padding is-layout-constrained wp-block-group-is-layout-constrained is-style-section-1--1\" style=\"margin-top:0;margin-bottom:0;padding-top:var(--wp--preset--spacing--60);padding-bottom:var(--wp--preset--spacing--60)\">\n<div class=\"wp-block-group alignwide is-layout-flow wp-block-group-is-layout-flow\" style=\"margin-top:0;margin-bottom:var(--wp--preset--spacing--50)\">\n<h2 class=\"wp-block-heading\"><strong>Hier finden Sie eine Auswahl meiner Publikationen<\/strong><\/h2>\n\n\n\n<div class=\"wp-block-group has-border-color has-custom-metam-1-border-color has-global-padding is-layout-constrained wp-container-core-group-is-layout-80fb368b wp-block-group-is-layout-constrained\" style=\"border-radius:15px;padding-top:var(--wp--preset--spacing--30);padding-right:var(--wp--preset--spacing--30);padding-bottom:var(--wp--preset--spacing--30);padding-left:var(--wp--preset--spacing--30)\">\n<div class=\"wp-block-group alignwide is-layout-flow wp-block-group-is-layout-flow\">\n<p class=\"is-style-text-annotation is-style-text-annotation--2\">2025<\/p>\n\n\n\n<h3 class=\"wp-block-heading\"><strong>Proaktive Kompetenzentwicklung in der Logistiksteuerung<\/strong><\/h3>\n\n\n\n<p>Heins, M., Vogt, L. (2025). Proaktive Kompetenzentwicklung in der Logistiksteuerung. <em>Industry 4.0 Science<\/em>, <em>41<\/em>(4), 22\u201328. https:\/\/doi.org\/10.30844\/I4SD.25.4.22<\/p>\n<\/div>\n<\/div>\n\n\n\n<div class=\"wp-block-group has-border-color has-custom-metam-1-border-color has-global-padding is-layout-constrained wp-container-core-group-is-layout-80fb368b wp-block-group-is-layout-constrained\" style=\"border-radius:15px;padding-top:var(--wp--preset--spacing--30);padding-right:var(--wp--preset--spacing--30);padding-bottom:var(--wp--preset--spacing--30);padding-left:var(--wp--preset--spacing--30)\">\n<div class=\"wp-block-group alignwide is-layout-flow wp-block-group-is-layout-flow\">\n<p class=\"is-style-text-annotation is-style-text-annotation--3\">2025<\/p>\n\n\n\n<h3 class=\"wp-block-heading\"><strong><strong>Zukunftsf\u00e4hige Organisationen. Wie die Berufliche Hochschule Hamburg Future Skills f\u00f6rdert<\/strong><\/strong><\/h3>\n\n\n\n<p>Heins, M., Vogt, L. (2025). Zukunftsf\u00e4hige Organisationen. Wie die Berufliche Hochschule Hamburg Future Skills f\u00f6rdert. <em>Zeitschrift f\u00fcr Organisationsentwicklung. 3\/2025<\/em><\/p>\n<\/div>\n<\/div>\n\n\n\n<div class=\"wp-block-group has-border-color has-custom-metam-1-border-color has-global-padding is-layout-constrained wp-container-core-group-is-layout-80fb368b wp-block-group-is-layout-constrained\" style=\"border-radius:15px;padding-top:var(--wp--preset--spacing--30);padding-right:var(--wp--preset--spacing--30);padding-bottom:var(--wp--preset--spacing--30);padding-left:var(--wp--preset--spacing--30)\">\n<div class=\"wp-block-group alignwide is-layout-flow wp-block-group-is-layout-flow\">\n<p class=\"is-style-text-annotation is-style-text-annotation--4\">2024<\/p>\n\n\n\n<h3 class=\"wp-block-heading\"><strong><strong>Bildungsweg-Coaching: Prototypentwicklung, Erprobung und konzeptionelle Erweiterung<\/strong><\/strong><\/h3>\n\n\n\n<p>Vogt, L. (2024). Bildungsweg-Coaching: Prototypentwicklung, Erprobung und konzeptionelle Erweiterung. In Herzog, M. et al. [Hrsg<em>.<\/em>]<em>. siA Einblick: Triales Qualit\u00e4tsmanagement in der studienintegrierenden Ausbildung (siA). Ein erfahrungsbasiertes Praxishandbuch.<\/em> URN: urn:nbn:de:0111-pedocs-321630 &#8211; DOI: 10.25656\/01:32163<\/p>\n<\/div>\n<\/div>\n\n\n\n<div class=\"wp-block-group has-border-color has-custom-metam-1-border-color has-global-padding is-layout-constrained wp-container-core-group-is-layout-80fb368b wp-block-group-is-layout-constrained\" style=\"border-radius:15px;padding-top:var(--wp--preset--spacing--30);padding-right:var(--wp--preset--spacing--30);padding-bottom:var(--wp--preset--spacing--30);padding-left:var(--wp--preset--spacing--30)\">\n<div class=\"wp-block-group alignwide is-layout-flow wp-block-group-is-layout-flow\">\n<p class=\"is-style-text-annotation is-style-text-annotation--5\">2024<\/p>\n\n\n\n<h3 class=\"wp-block-heading\"><strong><strong>Handreichung Reflexionsimpulse im Bildungsweg-Coaching der studienintegrierenden Ausbildung (siA)<\/strong><\/strong><\/h3>\n\n\n\n<p>Vogt, L., Niehaves, H., Kleb, D. (2024): Handreichung Reflexionsimpulse im Bildungsweg-Coaching der studienintegrierenden Ausbildung (siA). Standort Hamburg. 37 S. &#8211; URN: urn:nbn:de:0111-pedocs-321613 &#8211; DOI: 10.25656\/01:32161<\/p>\n<\/div>\n<\/div>\n\n\n\n<div class=\"wp-block-group has-border-color has-custom-metam-1-border-color has-global-padding is-layout-constrained wp-container-core-group-is-layout-80fb368b wp-block-group-is-layout-constrained\" style=\"border-radius:15px;padding-top:var(--wp--preset--spacing--30);padding-right:var(--wp--preset--spacing--30);padding-bottom:var(--wp--preset--spacing--30);padding-left:var(--wp--preset--spacing--30)\">\n<div class=\"wp-block-group alignwide is-layout-flow wp-block-group-is-layout-flow\">\n<p class=\"is-style-text-annotation is-style-text-annotation--6\">2022<\/p>\n\n\n\n<h3 class=\"wp-block-heading\"><strong><strong>&#8222;Die haben oft auch so&#8217;n Minderwertigkeitsgef\u00fchl, was sie mit sich rumtragen&#8220; &#8211; Zur Begleitung von beruflichen Orientierungsprozessen von sozio\u00f6konomisch benachteiligten Sch\u00fcler*innen<\/strong><\/strong><\/h3>\n\n\n\n<p>Heinemann, A.M.B.; Vogt, L.; Raja, M.(2022). &#8222;Die haben oft auch so&#8217;n Minderwertigkeitsgef\u00fchl, was sie mit sich rumtragen&#8220; &#8211; Zur Begleitung von beruflichen Orientierungsprozessen von sozio\u00f6konomisch benachteiligten Sch\u00fcler*innen. In: Barbara Knickrehm, Tina Fletemeyer und Bernd-Joachim Ertelt (Hg.): <em>Berufliche Orientierung und Beratung. Aktuelle Herausforderungen und Digitale Unterst\u00fctzungsm\u00f6glichkeiten<\/em>. Wiesbaden: Springer Fachmedien Wiesbaden GmbH. S. 51-67.<\/p>\n<\/div>\n<\/div>\n\n\n\n<div class=\"wp-block-group has-border-color has-custom-metam-1-border-color has-global-padding is-layout-constrained wp-container-core-group-is-layout-80fb368b wp-block-group-is-layout-constrained\" style=\"border-radius:15px;padding-top:var(--wp--preset--spacing--30);padding-right:var(--wp--preset--spacing--30);padding-bottom:var(--wp--preset--spacing--30);padding-left:var(--wp--preset--spacing--30)\">\n<div class=\"wp-block-group alignwide is-layout-flow wp-block-group-is-layout-flow\">\n<p class=\"is-style-text-annotation is-style-text-annotation--7\">2022<\/p>\n\n\n\n<h3 class=\"wp-block-heading\"><strong><strong>Differenzmarkierende p\u00e4dagogische Praktiken im institutionellen Kontext der beruflichen Bildung<\/strong><\/strong><\/h3>\n\n\n\n<p>Vogt, L. (2022): \u201eDifferenzmarkierende p\u00e4dagogische Praktiken im institutionellen Kontext der beruflichen Bildung\u201c. Dissertationsschrift. Bremen: Universit\u00e4t Bremen.<\/p>\n<\/div>\n<\/div>\n\n\n\n<div class=\"wp-block-group has-border-color has-custom-metam-1-border-color has-global-padding is-layout-constrained wp-container-core-group-is-layout-80fb368b wp-block-group-is-layout-constrained\" style=\"border-radius:15px;padding-top:var(--wp--preset--spacing--30);padding-right:var(--wp--preset--spacing--30);padding-bottom:var(--wp--preset--spacing--30);padding-left:var(--wp--preset--spacing--30)\">\n<div class=\"wp-block-group alignwide is-layout-flow wp-block-group-is-layout-flow\">\n<p class=\"is-style-text-annotation is-style-text-annotation--8\">2022<\/p>\n\n\n\n<h3 class=\"wp-block-heading\"><strong><strong>\u201eZur Optimierung der Anderen\u201c \u2013 Praxen differenzieller Inklusion im Bildungssystem.<\/strong><\/strong><\/h3>\n\n\n\n<p>Heinemann, A.M.B.; Vogt, L.. (2021). \u201eZur Optimierung der Anderen\u201c \u2013 Praxen differenzieller Inklusion im Bildungssystem. In: Schemmann, Michael (Hg.): <em>Internationales Jahrbuch der Erwachsenenbildung. Optimierung in der Weiterbildung.<\/em> wbv Publikation. S.13-28.<\/p>\n<\/div>\n<\/div>\n<\/div>\n<\/main>\n\n\n\n<main class=\"wp-block-group alignfull is-style-section-1 has-global-padding is-layout-constrained wp-block-group-is-layout-constrained is-style-section-1--9\" style=\"margin-top:0;margin-bottom:0;padding-top:var(--wp--preset--spacing--60);padding-bottom:var(--wp--preset--spacing--60)\">\n<div class=\"wp-block-group alignwide is-layout-flow wp-block-group-is-layout-flow\" style=\"margin-top:0;margin-bottom:var(--wp--preset--spacing--50)\">\n<h2 class=\"wp-block-heading\"><strong>Interesse <\/strong>an einer gemeinsamen Autor:innenschaft oder weitere Fragen?<\/h2>\n\n\n\n<p><strong>Kontaktieren Sie mich<\/strong>&nbsp;\u00fcber&nbsp;<a href=\"mailto:moin@metam-coaching.de\">moin@metam-coaching.de<\/a>&nbsp;<\/p>\n\n\n\n<p>Ich freue mich auf Sie!<\/p>\n<\/div>\n<\/main>\n","protected":false},"excerpt":{"rendered":"<p>Hier finden Sie eine Auswahl meiner Publikationen 2025 Proaktive Kompetenzentwicklung in der Logistiksteuerung Heins, M., Vogt, L. (2025). Proaktive Kompetenzentwicklung in der Logistiksteuerung. Industry 4.0 Science, 41(4), 22\u201328. https:\/\/doi.org\/10.30844\/I4SD.25.4.22 2025 Zukunftsf\u00e4hige Organisationen. Wie die Berufliche Hochschule Hamburg Future Skills f\u00f6rdert Heins, M., Vogt, L. (2025). Zukunftsf\u00e4hige Organisationen. Wie die Berufliche Hochschule Hamburg Future Skills f\u00f6rdert. [&hellip;]<\/p>\n","protected":false},"author":1,"featured_media":0,"parent":0,"menu_order":0,"comment_status":"closed","ping_status":"closed","template":"page-no-title","meta":{"footnotes":""},"class_list":["post-260","page","type-page","status-publish","hentry"],"_links":{"self":[{"href":"https:\/\/dev.christianstaden.de\/metam-coaching\/wp-json\/wp\/v2\/pages\/260","targetHints":{"allow":["GET"]}}],"collection":[{"href":"https:\/\/dev.christianstaden.de\/metam-coaching\/wp-json\/wp\/v2\/pages"}],"about":[{"href":"https:\/\/dev.christianstaden.de\/metam-coaching\/wp-json\/wp\/v2\/types\/page"}],"author":[{"embeddable":true,"href":"https:\/\/dev.christianstaden.de\/metam-coaching\/wp-json\/wp\/v2\/users\/1"}],"replies":[{"embeddable":true,"href":"https:\/\/dev.christianstaden.de\/metam-coaching\/wp-json\/wp\/v2\/comments?post=260"}],"version-history":[{"count":8,"href":"https:\/\/dev.christianstaden.de\/metam-coaching\/wp-json\/wp\/v2\/pages\/260\/revisions"}],"predecessor-version":[{"id":373,"href":"https:\/\/dev.christianstaden.de\/metam-coaching\/wp-json\/wp\/v2\/pages\/260\/revisions\/373"}],"wp:attachment":[{"href":"https:\/\/dev.christianstaden.de\/metam-coaching\/wp-json\/wp\/v2\/media?parent=260"}],"curies":[{"name":"wp","href":"https:\/\/api.w.org\/{rel}","templated":true}]}}