{"id":82,"date":"2025-08-11T16:12:37","date_gmt":"2025-08-11T14:12:37","guid":{"rendered":"https:\/\/dev.christianstaden.de\/metam-coaching\/trainings\/"},"modified":"2025-11-03T09:22:37","modified_gmt":"2025-11-03T08:22:37","slug":"trainings","status":"publish","type":"page","link":"https:\/\/dev.christianstaden.de\/metam-coaching\/trainings\/","title":{"rendered":"Trainings"},"content":{"rendered":"\n<div class=\"wp-block-cover alignfull has-custom-metam-4-color has-text-color has-link-color wp-elements-526c9b89b20db3a005a9848485499b28\" style=\"margin-top:0;margin-bottom:0\"><img loading=\"lazy\" decoding=\"async\" width=\"1600\" height=\"1200\" class=\"wp-block-cover__image-background wp-image-18 size-full\" alt=\"three men sitting while using laptops and watching man beside whiteboard\" src=\"https:\/\/dev.christianstaden.de\/metam-coaching\/wp-content\/uploads\/2025\/08\/wd1lrb9oeeo.jpg\" style=\"object-position:49% 59%\" data-object-fit=\"cover\" data-object-position=\"49% 59%\" srcset=\"https:\/\/dev.christianstaden.de\/metam-coaching\/wp-content\/uploads\/2025\/08\/wd1lrb9oeeo.jpg 1600w, https:\/\/dev.christianstaden.de\/metam-coaching\/wp-content\/uploads\/2025\/08\/wd1lrb9oeeo-300x225.jpg 300w, https:\/\/dev.christianstaden.de\/metam-coaching\/wp-content\/uploads\/2025\/08\/wd1lrb9oeeo-1024x768.jpg 1024w, https:\/\/dev.christianstaden.de\/metam-coaching\/wp-content\/uploads\/2025\/08\/wd1lrb9oeeo-768x576.jpg 768w, https:\/\/dev.christianstaden.de\/metam-coaching\/wp-content\/uploads\/2025\/08\/wd1lrb9oeeo-1536x1152.jpg 1536w\" sizes=\"auto, (max-width: 1600px) 100vw, 1600px\" \/><span aria-hidden=\"true\" class=\"wp-block-cover__background has-custom-metam-1-background-color has-background-dim-70 has-background-dim\"><\/span><div class=\"wp-block-cover__inner-container is-layout-flow wp-block-cover-is-layout-flow\">\n<h1 class=\"wp-block-heading has-text-align-center is-style-default\" style=\"font-style:normal;font-weight:700\">Trainings<\/h1>\n<\/div><\/div>\n\n\n\n<main class=\"wp-block-group alignfull is-style-section-1 has-global-padding is-layout-constrained wp-block-group-is-layout-constrained is-style-section-1--1\" style=\"margin-top:0;padding-top:var(--wp--preset--spacing--60);padding-bottom:var(--wp--preset--spacing--60)\">\n<div class=\"wp-block-group alignwide is-layout-flow wp-block-group-is-layout-flow\" style=\"margin-top:0;margin-bottom:var(--wp--preset--spacing--50)\">\n<div class=\"wp-block-columns is-layout-flex wp-container-core-columns-is-layout-28f84493 wp-block-columns-is-layout-flex\">\n<div class=\"wp-block-column is-layout-flow wp-block-column-is-layout-flow\" style=\"flex-basis:66.66%\">\n<h2 class=\"wp-block-heading\"><strong>Trainings<\/strong><\/h2>\n\n\n\n<p>In <strong>dynamischen Arbeitswelten <\/strong>stehen F\u00fchrungskr\u00e4fte t\u00e4glich vor <strong>komplexen Herausforderungen<\/strong>: <strong>Teams motivieren<\/strong>, <strong>Ver\u00e4nderungen begleiten<\/strong>, <strong>Kommunikation gestalten<\/strong> und <strong>Entscheidungen treffen<\/strong> \u2013 oft unter unsicheren Bedingungen. <\/p>\n\n\n\n<p>Meine praxisorientierten Trainings unterst\u00fctzen Sie dabei, <strong>souver\u00e4n<\/strong> zu handeln, <strong>konstruktive Arbeitskulturen<\/strong> zu f\u00f6rdern und Ihr Team <strong>sicher durch Wandel und Alltag<\/strong> zu navigieren. <\/p>\n\n\n\n<p>In kleinen Gruppen mit viel Raum f\u00fcr Reflexion und praktische \u00dcbungen entwickeln Sie konkrete Strategien, die direkt im Arbeitsalltag wirken.<\/p>\n<\/div>\n\n\n\n<div class=\"wp-block-column is-layout-flow wp-block-column-is-layout-flow\" style=\"flex-basis:33.33%\">\n<figure data-wp-context=\"{&quot;imageId&quot;:&quot;69e35cc9808dd&quot;}\" data-wp-interactive=\"core\/image\" data-wp-key=\"69e35cc9808dd\" class=\"wp-block-image size-large wp-lightbox-container\"><img decoding=\"async\" data-wp-class--hide=\"state.isContentHidden\" data-wp-class--show=\"state.isContentVisible\" data-wp-init=\"callbacks.setButtonStyles\" data-wp-on--click=\"actions.showLightbox\" data-wp-on--load=\"callbacks.setButtonStyles\" data-wp-on-window--resize=\"callbacks.setButtonStyles\" src=\"https:\/\/www.metam-coaching.de\/wp-content\/uploads\/2025\/06\/NIK_7685-683x1024.jpg\" alt=\"\" style=\"box-shadow:var(--wp--preset--shadow--natural);aspect-ratio:1;object-fit:cover\"\/><button\n\t\t\tclass=\"lightbox-trigger\"\n\t\t\ttype=\"button\"\n\t\t\taria-haspopup=\"dialog\"\n\t\t\taria-label=\"Vergr\u00f6\u00dfern\"\n\t\t\tdata-wp-init=\"callbacks.initTriggerButton\"\n\t\t\tdata-wp-on--click=\"actions.showLightbox\"\n\t\t\tdata-wp-style--right=\"state.imageButtonRight\"\n\t\t\tdata-wp-style--top=\"state.imageButtonTop\"\n\t\t>\n\t\t\t<svg xmlns=\"http:\/\/www.w3.org\/2000\/svg\" width=\"12\" height=\"12\" fill=\"none\" viewBox=\"0 0 12 12\">\n\t\t\t\t<path fill=\"#fff\" d=\"M2 0a2 2 0 0 0-2 2v2h1.5V2a.5.5 0 0 1 .5-.5h2V0H2Zm2 10.5H2a.5.5 0 0 1-.5-.5V8H0v2a2 2 0 0 0 2 2h2v-1.5ZM8 12v-1.5h2a.5.5 0 0 0 .5-.5V8H12v2a2 2 0 0 1-2 2H8Zm2-12a2 2 0 0 1 2 2v2h-1.5V2a.5.5 0 0 0-.5-.5H8V0h2Z\" \/>\n\t\t\t<\/svg>\n\t\t<\/button><\/figure>\n<\/div>\n<\/div>\n\n\n\n<h3 class=\"wp-block-heading\"><strong>Mein Angebot umfasst folgende Trainings<\/strong><\/h3>\n\n\n\n<ul class=\"wp-block-list\">\n<li>Bleiben statt gehen<\/li>\n\n\n\n<li>Fehler-Kultur<\/li>\n\n\n\n<li>Wertsch\u00e4tzung &amp; Bindung<\/li>\n\n\n\n<li>Feedback-Kultur<\/li>\n\n\n\n<li>Sicher f\u00fchren in unsicheren Zeiten<\/li>\n<\/ul>\n\n\n\n<p>Interesse an Trainings oder weitere Fragen?<\/p>\n\n\n\n<p><strong>Kontaktieren Sie mich<\/strong>&nbsp;\u00fcber<strong>&nbsp;<a href=\"mailto:moin@metam-coaching.de\">moin@metam-coaching.de<\/a><\/strong>&nbsp;f\u00fcr ein kostenloses, unverbindliches Erstgespr\u00e4ch (ca. 15 Minuten).<\/p>\n\n\n\n<p>Ich freue mich auf Sie!<\/p>\n\n\n\n<p class=\"has-literata-font-family\"><em>Dr. Lisa Vogt<\/em><\/p>\n<\/div>\n<\/main>\n\n\n\n<main class=\"wp-block-group alignfull is-style-section-1 has-global-padding is-layout-constrained wp-block-group-is-layout-constrained is-style-section-1--2\" style=\"margin-top:0;padding-top:var(--wp--preset--spacing--60);padding-bottom:var(--wp--preset--spacing--60)\">\n<div class=\"wp-block-group alignwide is-layout-flow wp-block-group-is-layout-flow\" style=\"margin-top:0;margin-bottom:var(--wp--preset--spacing--50)\">\n<h2 class=\"wp-block-heading\"><strong>Meine Trainingsangebote<\/strong><\/h2>\n\n\n\n<div class=\"wp-block-group metam-border has-border-color has-global-padding is-layout-constrained wp-container-core-group-is-layout-52009084 wp-block-group-is-layout-constrained\" style=\"border-color:#FFFFFF;border-radius:15px;padding-top:var(--wp--preset--spacing--40);padding-right:var(--wp--preset--spacing--40);padding-bottom:var(--wp--preset--spacing--40);padding-left:var(--wp--preset--spacing--40)\">\n<div class=\"wp-block-group alignwide is-layout-flow wp-block-group-is-layout-flow\">\n<h3 class=\"wp-block-heading is-style-default\"><strong><strong>Bleiben statt gehen &#8211; Mit psychologischer Sicherheit F\u00fchrung neu denken<\/strong><\/strong><\/h3>\n\n\n\n<p>Hohe Fluktuation und innere K\u00fcndigung kosten Motivation, Wissen und Stabilit\u00e4t. Psychologische Sicherheit schafft ein Umfeld, in dem Menschen sich einbringen, lernen und Verantwortung \u00fcbernehmen. In diesem Training erfahren Sie, wie Sie durch Haltung, Kommunikation und Teamkultur Vertrauen st\u00e4rken und Engagement f\u00f6rdern. Mit Raum f\u00fcr Erfahrungsaustausch, Praxisbeispiele und konkrete Impulse f\u00fcr Ihren F\u00fchrungsalltag.<\/p>\n\n\n\n<p><strong>Teilnehmerzahl:<\/strong> max. 10 Personen<\/p>\n\n\n\n<p><strong>Dauer: <\/strong>6 Stunden in Pr\u00e4senz<a id=\"_msocom_1\"><\/a><\/p>\n<\/div>\n<\/div>\n\n\n\n<div class=\"wp-block-group metam-border has-border-color has-global-padding is-layout-constrained wp-container-core-group-is-layout-52009084 wp-block-group-is-layout-constrained\" style=\"border-color:#FFFFFF;border-radius:15px;padding-top:var(--wp--preset--spacing--40);padding-right:var(--wp--preset--spacing--40);padding-bottom:var(--wp--preset--spacing--40);padding-left:var(--wp--preset--spacing--40)\">\n<div class=\"wp-block-group alignwide is-layout-flow wp-block-group-is-layout-flow\">\n<h3 class=\"wp-block-heading is-style-default\"><strong><strong><strong>Sicher f\u00fchren in unsicheren Zeiten \u2013 Teams stabil durch Wandel begleiten<\/strong><\/strong><\/strong><\/h3>\n\n\n\n<p>Unsichere Rahmenbedingungen pr\u00e4gen heute viele Arbeitswelten \u2013 sei es durch geopolitische oder \u00f6kologische Krisen, schnelle Marktver\u00e4nderungen oder Unklarheiten in der Zusammenarbeit. In diesem Training lernen Sie, wie Sie Ihr Team in solchen Situationen Orientierung, Sicherheit und Halt geben. Praxisnah reflektieren wir Strategien f\u00fcr den Umgang mit Ungewissheit, f\u00f6rdern psychologische Sicherheit und \u00fcben Tools, mit denen Teams handlungsf\u00e4hig und resilient bleiben.<\/p>\n\n\n\n<p><strong>Teilnehmerzahl:<\/strong> max. 10 Personen<\/p>\n\n\n\n<p><strong>Dauer: <\/strong>6 Stunden in Pr\u00e4senz<a id=\"_msocom_1\"><\/a><\/p>\n<\/div>\n<\/div>\n\n\n\n<div class=\"wp-block-group metam-border has-border-color has-global-padding is-layout-constrained wp-container-core-group-is-layout-52009084 wp-block-group-is-layout-constrained\" style=\"border-color:#FFFFFF;border-radius:15px;padding-top:var(--wp--preset--spacing--40);padding-right:var(--wp--preset--spacing--40);padding-bottom:var(--wp--preset--spacing--40);padding-left:var(--wp--preset--spacing--40)\">\n<div class=\"wp-block-group alignwide is-layout-flow wp-block-group-is-layout-flow\">\n<h3 class=\"wp-block-heading is-style-default\"><strong>Kritik ohne Krise \u2013 Feedback-Kultur st\u00e4rken<\/strong><\/h3>\n\n\n\n<p class=\"is-style-default\">In diesem Training wechseln sich Inputs zu zeitgem\u00e4\u00dfem Feedback ab mit praktischen \u00dcbungen. Im Mittelpunkt des Feedback-Prozesses steht die Verletzlichkeit. Wir reflektieren nah an der Praxis was das f\u00fcr Sie und Ihre Arbeit bedeutet. Damit Sie gest\u00e4rkt und mit frischen Umsetzungsideen zur\u00fcck in Ihr Team gehen.<\/p>\n\n\n\n<p><strong>Teilnehmerzahl:<\/strong> max. 10 Personen<\/p>\n\n\n\n<p class=\"is-style-default\"><strong>Dauer: <\/strong>6 Stunden in Pr\u00e4senz<a id=\"_msocom_1\"><\/a><\/p>\n<\/div>\n<\/div>\n\n\n\n<div class=\"wp-block-group metam-border has-border-color has-global-padding is-layout-constrained wp-container-core-group-is-layout-52009084 wp-block-group-is-layout-constrained\" style=\"border-color:#FFFFFF;border-radius:15px;padding-top:var(--wp--preset--spacing--40);padding-right:var(--wp--preset--spacing--40);padding-bottom:var(--wp--preset--spacing--40);padding-left:var(--wp--preset--spacing--40)\">\n<div class=\"wp-block-group alignwide is-layout-flow wp-block-group-is-layout-flow\">\n<h3 class=\"wp-block-heading is-style-default\"><strong>Erfolgsfaktor Wertsch\u00e4tzung \u2013 (Ver)Bindung durch Kommunikation<\/strong>&nbsp;<\/h3>\n\n\n\n<p>Wertsch\u00e4tzung ist ein gro\u00dfer Motivator am Arbeitsplatz. Wer es schafft, Wertsch\u00e4tzung als grundlegende Haltung zu kultivieren, der hat auch gr\u00f6\u00dfere Chancen auf motivierte Mitarbeitende, die langfristig im Unternehmen bleiben. Im Training erfahren Sie mehr \u00fcber den Zusammenhang von Sprache und Wertsch\u00e4tzung. Zudem wird es praktisch und es bleibt viel Zeit, um Tricks und Tools zum Thema Wertsch\u00e4tzung zu entdecken und auszuprobieren.<\/p>\n\n\n\n<p><strong>Teilnehmerzahl: <\/strong>max. 10 Personen<\/p>\n\n\n\n<p class=\"is-style-default\"><strong>Dauer: <\/strong>6 Stunden in Pr\u00e4senz<a id=\"_msocom_1\"><\/a><\/p>\n<\/div>\n<\/div>\n\n\n\n<div class=\"wp-block-group metam-border has-border-color has-global-padding is-layout-constrained wp-container-core-group-is-layout-52009084 wp-block-group-is-layout-constrained\" style=\"border-color:#FFFFFF;border-radius:15px;padding-top:var(--wp--preset--spacing--40);padding-right:var(--wp--preset--spacing--40);padding-bottom:var(--wp--preset--spacing--40);padding-left:var(--wp--preset--spacing--40)\">\n<div class=\"wp-block-group alignwide is-layout-flow wp-block-group-is-layout-flow\">\n<h3 class=\"wp-block-heading is-style-default\"><strong>Trial and Learn \u2013 Fehler als Chance begreifen<\/strong><\/h3>\n\n\n\n<p>Ganz nach dem Motto \u201eAus Fehlern wird man klug, darum ist einer nicht genug\u201c geht es in diesem Training darum, welche Benefits eine angemessene Fehlerkultur f\u00fcr Ihr Unternehmen hat. Daf\u00fcr reflektieren wir anhand vieler Praxis\u00fcbungen das Konzept von Erfolg und klugem Scheitern. Wie kann eine fehlerfreundliche Arbeitskultur in Ihrem Unternehmen aussehen? Finden wir es gemeinsam heraus.<\/p>\n\n\n\n<p><strong>Teilnehmerzahl: <\/strong>max. 10 Personen<\/p>\n\n\n\n<p class=\"is-style-default\"><strong>Dauer: <\/strong>6 Stunden in Pr\u00e4senz<a id=\"_msocom_1\"><\/a><\/p>\n<\/div>\n<\/div>\n<\/div>\n<\/main>\n","protected":false},"excerpt":{"rendered":"<p>Trainings In dynamischen Arbeitswelten stehen F\u00fchrungskr\u00e4fte t\u00e4glich vor komplexen Herausforderungen: Teams motivieren, Ver\u00e4nderungen begleiten, Kommunikation gestalten und Entscheidungen treffen \u2013 oft unter unsicheren Bedingungen. Meine praxisorientierten Trainings unterst\u00fctzen Sie dabei, souver\u00e4n zu handeln, konstruktive Arbeitskulturen zu f\u00f6rdern und Ihr Team sicher durch Wandel und Alltag zu navigieren. In kleinen Gruppen mit viel Raum f\u00fcr Reflexion [&hellip;]<\/p>\n","protected":false},"author":1,"featured_media":0,"parent":0,"menu_order":1,"comment_status":"closed","ping_status":"closed","template":"page-no-title","meta":{"footnotes":""},"class_list":["post-82","page","type-page","status-publish","hentry"],"_links":{"self":[{"href":"https:\/\/dev.christianstaden.de\/metam-coaching\/wp-json\/wp\/v2\/pages\/82","targetHints":{"allow":["GET"]}}],"collection":[{"href":"https:\/\/dev.christianstaden.de\/metam-coaching\/wp-json\/wp\/v2\/pages"}],"about":[{"href":"https:\/\/dev.christianstaden.de\/metam-coaching\/wp-json\/wp\/v2\/types\/page"}],"author":[{"embeddable":true,"href":"https:\/\/dev.christianstaden.de\/metam-coaching\/wp-json\/wp\/v2\/users\/1"}],"replies":[{"embeddable":true,"href":"https:\/\/dev.christianstaden.de\/metam-coaching\/wp-json\/wp\/v2\/comments?post=82"}],"version-history":[{"count":9,"href":"https:\/\/dev.christianstaden.de\/metam-coaching\/wp-json\/wp\/v2\/pages\/82\/revisions"}],"predecessor-version":[{"id":387,"href":"https:\/\/dev.christianstaden.de\/metam-coaching\/wp-json\/wp\/v2\/pages\/82\/revisions\/387"}],"wp:attachment":[{"href":"https:\/\/dev.christianstaden.de\/metam-coaching\/wp-json\/wp\/v2\/media?parent=82"}],"curies":[{"name":"wp","href":"https:\/\/api.w.org\/{rel}","templated":true}]}}