{"id":84,"date":"2025-08-11T16:12:37","date_gmt":"2025-08-11T14:12:37","guid":{"rendered":"https:\/\/dev.christianstaden.de\/metam-coaching\/coaching\/"},"modified":"2025-10-29T18:21:35","modified_gmt":"2025-10-29T17:21:35","slug":"coaching","status":"publish","type":"page","link":"https:\/\/dev.christianstaden.de\/metam-coaching\/coaching\/","title":{"rendered":"Coaching"},"content":{"rendered":"\n<div class=\"wp-block-cover alignfull has-custom-metam-4-color has-text-color has-link-color wp-elements-fe2a7886a1d9ac095e6a59f08324be86\" style=\"margin-top:0;margin-bottom:0\"><img loading=\"lazy\" decoding=\"async\" width=\"1600\" height=\"1067\" class=\"wp-block-cover__image-background wp-image-66 size-full\" alt=\"woman placing sticky notes on wall\" src=\"https:\/\/dev.christianstaden.de\/metam-coaching\/wp-content\/uploads\/2025\/08\/oalh2mojuuk.jpg\" style=\"object-position:54% 50%\" data-object-fit=\"cover\" data-object-position=\"54% 50%\" srcset=\"https:\/\/dev.christianstaden.de\/metam-coaching\/wp-content\/uploads\/2025\/08\/oalh2mojuuk.jpg 1600w, https:\/\/dev.christianstaden.de\/metam-coaching\/wp-content\/uploads\/2025\/08\/oalh2mojuuk-300x200.jpg 300w, https:\/\/dev.christianstaden.de\/metam-coaching\/wp-content\/uploads\/2025\/08\/oalh2mojuuk-1024x683.jpg 1024w, https:\/\/dev.christianstaden.de\/metam-coaching\/wp-content\/uploads\/2025\/08\/oalh2mojuuk-768x512.jpg 768w, https:\/\/dev.christianstaden.de\/metam-coaching\/wp-content\/uploads\/2025\/08\/oalh2mojuuk-1536x1024.jpg 1536w\" sizes=\"auto, (max-width: 1600px) 100vw, 1600px\" \/><span aria-hidden=\"true\" class=\"wp-block-cover__background has-custom-metam-1-background-color has-background-dim-70 has-background-dim\"><\/span><div class=\"wp-block-cover__inner-container is-layout-flow wp-block-cover-is-layout-flow\">\n<h1 class=\"wp-block-heading has-text-align-center is-style-default\" style=\"font-style:normal;font-weight:700\">Coaching f\u00fcr Fach- und F\u00fchrungskr\u00e4fte<\/h1>\n<\/div><\/div>\n\n\n\n<main class=\"wp-block-group alignfull is-style-section-1 has-global-padding is-layout-constrained wp-block-group-is-layout-constrained is-style-section-1--1\" style=\"margin-top:0;padding-top:var(--wp--preset--spacing--60);padding-bottom:var(--wp--preset--spacing--60)\">\n<div class=\"wp-block-group alignwide is-layout-flow wp-block-group-is-layout-flow\" style=\"margin-top:0;margin-bottom:var(--wp--preset--spacing--50)\">\n<div class=\"wp-block-columns is-layout-flex wp-container-core-columns-is-layout-28f84493 wp-block-columns-is-layout-flex\">\n<div class=\"wp-block-column is-layout-flow wp-block-column-is-layout-flow\" style=\"flex-basis:66.66%\">\n<h2 class=\"wp-block-heading\"><strong>Coaching<\/strong> &#8211; <strong>passend f\u00fcr Ihre individuellen Bedarfe<\/strong><\/h2>\n\n\n\n<p>In Zeiten der Ver\u00e4nderung kann Coaching nicht nur eine sinnvolle Begleitung f\u00fcr F\u00fchrungskr\u00e4fte und Mitarbeitende sein. Unternehmen, die Coaching als Instrument der Personalentwicklung nutzen, dr\u00fccken damit auch&nbsp;<strong>Wertsch\u00e4tzung<\/strong>&nbsp;gegen\u00fcber den individuellen Lebenslagen ihrer Mitarbeitenden aus.<\/p>\n\n\n\n<p>Mein Angebot umfasst Coaching-Sitzungen, in welchen wir in ruhiger Atmosph\u00e4re in einem&nbsp;<strong>1:1 Setting<\/strong>&nbsp;mit Ihrem individuellen Anliegen arbeiten. Ein Coaching bringt Ihnen Klarheit \u2013 f\u00fcr konkrete berufliche Situationen und dar\u00fcber hinaus.<\/p>\n\n\n\n<p>Es hilft, Herausforderungen am Arbeitsplatz und im Privatleben besser zu meistern, Stress und Druck gelassener zu begegnen und Konflikte konstruktiv zu l\u00f6sen.<\/p>\n\n\n\n<p>Das Ergebnis:&nbsp;<strong>ein klarer Blick auf Ihr Ziel<\/strong>, innere St\u00e4rke f\u00fcr den Weg dorthin und daraus resultierend eine h\u00f6here Zufriedenheit.<\/p>\n\n\n\n<p>Mit meiner&nbsp;<strong>systemischen Haltung<\/strong>&nbsp;gestalte ich Coaching-Prozesse zielbezogen, personenorientiert und professionell. Die Anliegen sind so vielf\u00e4ltig wie die Menschen in meinen Coachings.<\/p>\n\n\n\n<p>Im Coaching stehen Sie mit Ihrem Anliegen im Mittelpunkt.<\/p>\n<\/div>\n\n\n\n<div class=\"wp-block-column is-layout-flow wp-block-column-is-layout-flow\" style=\"flex-basis:33.33%\">\n<figure data-wp-context=\"{&quot;imageId&quot;:&quot;69e362137aef9&quot;}\" data-wp-interactive=\"core\/image\" data-wp-key=\"69e362137aef9\" class=\"wp-block-image size-large wp-lightbox-container\"><img decoding=\"async\" data-wp-class--hide=\"state.isContentHidden\" data-wp-class--show=\"state.isContentVisible\" data-wp-init=\"callbacks.setButtonStyles\" data-wp-on--click=\"actions.showLightbox\" data-wp-on--load=\"callbacks.setButtonStyles\" data-wp-on-window--resize=\"callbacks.setButtonStyles\" src=\"https:\/\/www.metam-coaching.de\/wp-content\/uploads\/2025\/06\/NIK_7670-683x1024.jpg\" alt=\"\" style=\"box-shadow:var(--wp--preset--shadow--natural)\"\/><button\n\t\t\tclass=\"lightbox-trigger\"\n\t\t\ttype=\"button\"\n\t\t\taria-haspopup=\"dialog\"\n\t\t\taria-label=\"Vergr\u00f6\u00dfern\"\n\t\t\tdata-wp-init=\"callbacks.initTriggerButton\"\n\t\t\tdata-wp-on--click=\"actions.showLightbox\"\n\t\t\tdata-wp-style--right=\"state.imageButtonRight\"\n\t\t\tdata-wp-style--top=\"state.imageButtonTop\"\n\t\t>\n\t\t\t<svg xmlns=\"http:\/\/www.w3.org\/2000\/svg\" width=\"12\" height=\"12\" fill=\"none\" viewBox=\"0 0 12 12\">\n\t\t\t\t<path fill=\"#fff\" d=\"M2 0a2 2 0 0 0-2 2v2h1.5V2a.5.5 0 0 1 .5-.5h2V0H2Zm2 10.5H2a.5.5 0 0 1-.5-.5V8H0v2a2 2 0 0 0 2 2h2v-1.5ZM8 12v-1.5h2a.5.5 0 0 0 .5-.5V8H12v2a2 2 0 0 1-2 2H8Zm2-12a2 2 0 0 1 2 2v2h-1.5V2a.5.5 0 0 0-.5-.5H8V0h2Z\" \/>\n\t\t\t<\/svg>\n\t\t<\/button><\/figure>\n<\/div>\n<\/div>\n\n\n\n<p>Hier eine <strong>Auswahl an Themen<\/strong>, die im Coaching bearbeitet werden k\u00f6nnen:<\/p>\n\n\n\n<ul class=\"wp-block-list\">\n<li>Reflexion des eigenen <strong>F\u00fchrungsstils<\/strong><\/li>\n\n\n\n<li><strong>Rollenentwicklung<\/strong>&nbsp;in neue Positionen<\/li>\n\n\n\n<li>Umgang mit&nbsp;<strong>Konflikten<\/strong><\/li>\n\n\n\n<li><strong>Grenzen setzen<\/strong><\/li>\n\n\n\n<li><strong>Berufliche Krisensituationen<\/strong>&nbsp;&amp; Zweifel<\/li>\n\n\n\n<li><strong>Neuorientierung<\/strong>&nbsp;und&nbsp;<strong>Perspektiven<\/strong><\/li>\n\n\n\n<li><strong>St\u00e4rken<\/strong>&nbsp;&amp;&nbsp;<strong>Ressourcen<\/strong>&nbsp;erkennen<\/li>\n<\/ul>\n\n\n\n<p>Der zeitliche Rahmen einer <strong>Coaching-Sitzung <\/strong>betr\u00e4gt <strong>60 &#8211; 90 Minuten<\/strong>.<\/p>\n\n\n\n<p>Interesse am Coaching oder weitere Fragen?<\/p>\n\n\n\n<p><strong>Kontaktieren Sie mich<\/strong>&nbsp;\u00fcber&nbsp;<a href=\"mailto:moin@metam-coaching.de\">moin@metam-coaching.de<\/a>&nbsp;f\u00fcr ein kostenloses, unverbindliches Erstgespr\u00e4ch (ca. 15 Minuten).<\/p>\n\n\n\n<p>Ich freue mich auf Sie!<\/p>\n\n\n\n<p class=\"has-literata-font-family\"><em>Dr. Lisa Vogt<\/em><\/p>\n<\/div>\n<\/main>\n","protected":false},"excerpt":{"rendered":"<p>Coaching &#8211; passend f\u00fcr Ihre individuellen Bedarfe In Zeiten der Ver\u00e4nderung kann Coaching nicht nur eine sinnvolle Begleitung f\u00fcr F\u00fchrungskr\u00e4fte und Mitarbeitende sein. Unternehmen, die Coaching als Instrument der Personalentwicklung nutzen, dr\u00fccken damit auch&nbsp;Wertsch\u00e4tzung&nbsp;gegen\u00fcber den individuellen Lebenslagen ihrer Mitarbeitenden aus. Mein Angebot umfasst Coaching-Sitzungen, in welchen wir in ruhiger Atmosph\u00e4re in einem&nbsp;1:1 Setting&nbsp;mit Ihrem individuellen [&hellip;]<\/p>\n","protected":false},"author":1,"featured_media":0,"parent":0,"menu_order":1,"comment_status":"closed","ping_status":"closed","template":"page-no-title","meta":{"footnotes":""},"class_list":["post-84","page","type-page","status-publish","hentry"],"_links":{"self":[{"href":"https:\/\/dev.christianstaden.de\/metam-coaching\/wp-json\/wp\/v2\/pages\/84","targetHints":{"allow":["GET"]}}],"collection":[{"href":"https:\/\/dev.christianstaden.de\/metam-coaching\/wp-json\/wp\/v2\/pages"}],"about":[{"href":"https:\/\/dev.christianstaden.de\/metam-coaching\/wp-json\/wp\/v2\/types\/page"}],"author":[{"embeddable":true,"href":"https:\/\/dev.christianstaden.de\/metam-coaching\/wp-json\/wp\/v2\/users\/1"}],"replies":[{"embeddable":true,"href":"https:\/\/dev.christianstaden.de\/metam-coaching\/wp-json\/wp\/v2\/comments?post=84"}],"version-history":[{"count":8,"href":"https:\/\/dev.christianstaden.de\/metam-coaching\/wp-json\/wp\/v2\/pages\/84\/revisions"}],"predecessor-version":[{"id":343,"href":"https:\/\/dev.christianstaden.de\/metam-coaching\/wp-json\/wp\/v2\/pages\/84\/revisions\/343"}],"wp:attachment":[{"href":"https:\/\/dev.christianstaden.de\/metam-coaching\/wp-json\/wp\/v2\/media?parent=84"}],"curies":[{"name":"wp","href":"https:\/\/api.w.org\/{rel}","templated":true}]}}