{"id":86,"date":"2025-08-11T16:12:37","date_gmt":"2025-08-11T14:12:37","guid":{"rendered":"https:\/\/dev.christianstaden.de\/metam-coaching\/vortraege\/"},"modified":"2025-11-03T09:56:18","modified_gmt":"2025-11-03T08:56:18","slug":"vortraege","status":"publish","type":"page","link":"https:\/\/dev.christianstaden.de\/metam-coaching\/vortraege\/","title":{"rendered":"Vortr\u00e4ge"},"content":{"rendered":"\n<div class=\"wp-block-cover alignfull has-custom-metam-4-color has-text-color has-link-color wp-elements-83df4b791d0420a894df58ef679e30a9\" style=\"margin-top:0;margin-bottom:0\"><img loading=\"lazy\" decoding=\"async\" width=\"800\" height=\"1200\" class=\"wp-block-cover__image-background wp-image-67 size-full\" alt=\"a woman with blue hair standing in front of an audience\" src=\"https:\/\/dev.christianstaden.de\/metam-coaching\/wp-content\/uploads\/2025\/08\/gkwp64truqg.jpg\" style=\"object-position:55% 59%\" data-object-fit=\"cover\" data-object-position=\"55% 59%\" srcset=\"https:\/\/dev.christianstaden.de\/metam-coaching\/wp-content\/uploads\/2025\/08\/gkwp64truqg.jpg 800w, https:\/\/dev.christianstaden.de\/metam-coaching\/wp-content\/uploads\/2025\/08\/gkwp64truqg-200x300.jpg 200w, https:\/\/dev.christianstaden.de\/metam-coaching\/wp-content\/uploads\/2025\/08\/gkwp64truqg-683x1024.jpg 683w, https:\/\/dev.christianstaden.de\/metam-coaching\/wp-content\/uploads\/2025\/08\/gkwp64truqg-768x1152.jpg 768w\" sizes=\"auto, (max-width: 800px) 100vw, 800px\" \/><span aria-hidden=\"true\" class=\"wp-block-cover__background has-custom-metam-1-background-color has-background-dim-70 has-background-dim\"><\/span><div class=\"wp-block-cover__inner-container is-layout-flow wp-block-cover-is-layout-flow\">\n<h1 class=\"wp-block-heading has-text-align-center is-style-default\" style=\"font-style:normal;font-weight:700\">Vortr\u00e4ge<\/h1>\n<\/div><\/div>\n\n\n\n<main class=\"wp-block-group alignfull is-style-section-1 has-global-padding is-layout-constrained wp-block-group-is-layout-constrained is-style-section-1--1\" style=\"margin-top:0;padding-top:var(--wp--preset--spacing--60);padding-bottom:var(--wp--preset--spacing--60)\">\n<div class=\"wp-block-group alignwide is-layout-flow wp-block-group-is-layout-flow\" style=\"margin-top:0;margin-bottom:var(--wp--preset--spacing--50)\">\n<div class=\"wp-block-columns is-layout-flex wp-container-core-columns-is-layout-28f84493 wp-block-columns-is-layout-flex\">\n<div class=\"wp-block-column is-layout-flow wp-block-column-is-layout-flow\" style=\"flex-basis:66.66%\">\n<h2 class=\"wp-block-heading\"><strong>F\u00fcr Unternehmen und Interessierte&#8230;<\/strong><\/h2>\n\n\n\n<p>Was steckt hinter dem Begriff&nbsp;<strong>Psychologische Sicherheit<\/strong>? Sie wollen sich einen besseren \u00dcberblick verschaffen oder wissen, welche Methoden Sie auch ohne Coaching nutzen k\u00f6nnen, um sich als F\u00fchrungskraft zu reflektieren?<\/p>\n\n\n\n<p>In meinen&nbsp;<strong>Vortr\u00e4gen<\/strong> gebe ich <strong>wissenschaftlich fundierten<\/strong>&nbsp;\u00dcberblicke zu den Themen Psychologische Sicherheit, Future Skills und Methoden zur Selbstreflexion.<\/p>\n\n\n\n<p>Sie erfahren, welchen Mehrwert eine&nbsp;<strong>psychologisch sichere Arbeitskultur<\/strong>&nbsp;bietet und welche Hebel Sie als&nbsp;<strong>Unternehmen oder F\u00fchrungskraft<\/strong>&nbsp;t\u00e4tigen k\u00f6nnen, um f\u00fcr mehr Sicherheit zu sorgen und Innovations- und Entwicklungsr\u00e4ume zu \u00f6ffnen.<\/p>\n<\/div>\n\n\n\n<div class=\"wp-block-column is-layout-flow wp-block-column-is-layout-flow\" style=\"flex-basis:33.33%\">\n<figure data-wp-context=\"{&quot;imageId&quot;:&quot;69e35ce21e336&quot;}\" data-wp-interactive=\"core\/image\" data-wp-key=\"69e35ce21e336\" class=\"wp-block-image size-large wp-lightbox-container\"><img decoding=\"async\" data-wp-class--hide=\"state.isContentHidden\" data-wp-class--show=\"state.isContentVisible\" data-wp-init=\"callbacks.setButtonStyles\" data-wp-on--click=\"actions.showLightbox\" data-wp-on--load=\"callbacks.setButtonStyles\" data-wp-on-window--resize=\"callbacks.setButtonStyles\" src=\"https:\/\/www.metam-coaching.de\/wp-content\/uploads\/2025\/03\/Bildschirmfoto_28-3-2025_16156_.jpeg\" alt=\"\" style=\"box-shadow:var(--wp--preset--shadow--natural)\"\/><button\n\t\t\tclass=\"lightbox-trigger\"\n\t\t\ttype=\"button\"\n\t\t\taria-haspopup=\"dialog\"\n\t\t\taria-label=\"Vergr\u00f6\u00dfern\"\n\t\t\tdata-wp-init=\"callbacks.initTriggerButton\"\n\t\t\tdata-wp-on--click=\"actions.showLightbox\"\n\t\t\tdata-wp-style--right=\"state.imageButtonRight\"\n\t\t\tdata-wp-style--top=\"state.imageButtonTop\"\n\t\t>\n\t\t\t<svg xmlns=\"http:\/\/www.w3.org\/2000\/svg\" width=\"12\" height=\"12\" fill=\"none\" viewBox=\"0 0 12 12\">\n\t\t\t\t<path fill=\"#fff\" d=\"M2 0a2 2 0 0 0-2 2v2h1.5V2a.5.5 0 0 1 .5-.5h2V0H2Zm2 10.5H2a.5.5 0 0 1-.5-.5V8H0v2a2 2 0 0 0 2 2h2v-1.5ZM8 12v-1.5h2a.5.5 0 0 0 .5-.5V8H12v2a2 2 0 0 1-2 2H8Zm2-12a2 2 0 0 1 2 2v2h-1.5V2a.5.5 0 0 0-.5-.5H8V0h2Z\" \/>\n\t\t\t<\/svg>\n\t\t<\/button><\/figure>\n<\/div>\n<\/div>\n\n\n\n<p>Buchen Sie mich f\u00fcr einen Vortrag zum Thema&nbsp;<strong><em>Psychologische Sicherheit&nbsp;<\/em>\u2013&nbsp;<em>Die Basis f\u00fcr Innovation und gelingende Zusammenarbeit<\/em><\/strong><em>!<\/em>&nbsp;Sie erhalten grundlegende Informationen und wichtige Einblicke in das vielschichtige Kulturthema.<\/p>\n\n\n\n<ul class=\"wp-block-list\">\n<li><strong>Dauer:&nbsp;<\/strong>ca. 45 Minuten online oder in Pr\u00e4senz<\/li>\n\n\n\n<li><strong>Teilnehmerzahl:&nbsp;<\/strong>max. 15 Personen<\/li>\n<\/ul>\n\n\n\n<p>Dar\u00fcber hinaus freue ich mich auf individuelle Anfragen f\u00fcr Vortr\u00e4ge. Sie sind auf der Suche nach einer <strong>Speakerin zu den Themen F\u00fchrung, systemisches Coaching, Future Skills oder Pers\u00f6nlichkeitsentwicklung im Ausbildungs- und Arbeitskontext<\/strong>? Sprechen Sie mich gerne an.<\/p>\n\n\n\n<p><strong>Kontakt:<\/strong> <a href=\"mailto:moin@metam-coaching.de\"><strong>moin@metam-coaching.de<\/strong><\/a><\/p>\n\n\n\n<p>Ob online oder offline, ich freue mich auf Sie!<\/p>\n\n\n\n<p class=\"has-literata-font-family has-large-font-size\"><em>Dr. Lisa Vogt<\/em><\/p>\n<\/div>\n<\/main>\n\n\n\n<main class=\"wp-block-group alignfull is-style-section-1 has-global-padding is-layout-constrained wp-container-core-group-is-layout-dabaadb1 wp-block-group-is-layout-constrained is-style-section-1--2\" style=\"margin-top:0;margin-bottom:0;padding-top:var(--wp--preset--spacing--60);padding-bottom:var(--wp--preset--spacing--60)\">\n<div class=\"wp-block-group alignwide is-layout-flow wp-block-group-is-layout-flow\" style=\"margin-top:0;margin-bottom:var(--wp--preset--spacing--50)\">\n<h2 class=\"wp-block-heading\"><strong>Vortragsliste<\/strong><\/h2>\n\n\n\n<div class=\"wp-block-group metam-border has-border-color has-global-padding is-layout-constrained wp-container-core-group-is-layout-52009084 wp-block-group-is-layout-constrained\" style=\"border-color:#FFFFFF;border-radius:15px;padding-top:var(--wp--preset--spacing--40);padding-right:var(--wp--preset--spacing--40);padding-bottom:var(--wp--preset--spacing--40);padding-left:var(--wp--preset--spacing--40)\">\n<div class=\"wp-block-group alignwide is-layout-flow wp-block-group-is-layout-flow\">\n<p class=\"is-style-text-annotation is-style-text-annotation--3\">11.2025, Online<\/p>\n\n\n\n<h3 class=\"wp-block-heading\"><strong>Inspiration oder Stress? \u2013 Umgang mit Food-Content online<\/strong><\/h3>\n\n\n\n<p>Eine systemische Perspektive auf \u201eWhat I eat in a day\u201c-Posts. Was sind die psychologischen Mechanismen hinter dem Content und wie finde ich einen eigenen Umgang mit Vergleichen, Abgrenzung und Selbstf\u00fcrsorge? Der systemische Blick kann helfen, Distanz zu Inhalten im digitalen Raum aufzubauen sowie Sicherheit und Klarheit \u00fcber eigene Bed\u00fcrfnisse zu gewinnen.<\/p>\n\n\n\n<p><em>Vortrag f\u00fcr eine Veranstaltung von Zeit Campus \u2013 Zeit Verlagsgruppe<\/em><\/p>\n<\/div>\n<\/div>\n\n\n\n<div class=\"wp-block-group metam-border has-border-color has-global-padding is-layout-constrained wp-container-core-group-is-layout-52009084 wp-block-group-is-layout-constrained\" style=\"border-color:#FFFFFF;border-radius:15px;padding-top:var(--wp--preset--spacing--40);padding-right:var(--wp--preset--spacing--40);padding-bottom:var(--wp--preset--spacing--40);padding-left:var(--wp--preset--spacing--40)\">\n<div class=\"wp-block-group alignwide is-layout-flow wp-block-group-is-layout-flow\">\n<p class=\"is-style-text-annotation is-style-text-annotation--4\">12.2025, Uni-Bremen<\/p>\n\n\n\n<h3 class=\"wp-block-heading\"><strong>Systemisches Coaching als Methode zur Begleitung von Menschen in Pflegeberufen<\/strong><\/h3>\n\n\n\n<p>Systemisches Coaching bietet einen ganzheitlichen Ansatz zur F\u00f6rderung professioneller Handlungskompetenz im Pflegekontext. Durch Reflexion individueller und organisationaler Dynamiken werden Ressourcen aktiviert und Selbstwirksamkeit gest\u00e4rkt. Damit leistet Coaching einen wesentlichen Beitrag zur personalen Entwicklung und zur Qualit\u00e4tssicherung im Pflegesystem.<\/p>\n\n\n\n<p><em>Vortrag f\u00fcr eine Veranstaltung im Rahmen des Moduls Bildungsmanagement und professionelles Handeln in berufsbildenden Kontexten der Universit\u00e4t Bremen<\/em><\/p>\n<\/div>\n<\/div>\n\n\n\n<div class=\"wp-block-group metam-border has-border-color has-global-padding is-layout-constrained wp-container-core-group-is-layout-52009084 wp-block-group-is-layout-constrained\" style=\"border-color:#FFFFFF;border-radius:15px;padding-top:var(--wp--preset--spacing--40);padding-right:var(--wp--preset--spacing--40);padding-bottom:var(--wp--preset--spacing--40);padding-left:var(--wp--preset--spacing--40)\">\n<div class=\"wp-block-group alignwide is-layout-flow wp-block-group-is-layout-flow\">\n<p class=\"is-style-text-annotation is-style-text-annotation--5\">06.2023, Berlin<\/p>\n\n\n\n<h3 class=\"wp-block-heading\"><strong>E-Portfolioarbeit in Coaching und Beratung<\/strong><\/h3>\n\n\n\n<p>Der Einsatz eines digitalen Tools zur F\u00f6rderung der Entscheidungskompetenz im Schnittpunkt zwischen beruflicher und akademischer Bildung.<\/p>\n\n\n\n<p><em>Vortrag im Rahmen einer Fachtagung des Bundesministeriums f\u00fcr Bildung und Forschung (BMBF) an der Technische Universit\u00e4t Berlin<\/em><\/p>\n<\/div>\n<\/div>\n<\/div>\n<\/main>\n","protected":false},"excerpt":{"rendered":"<p>F\u00fcr Unternehmen und Interessierte&#8230; Was steckt hinter dem Begriff&nbsp;Psychologische Sicherheit? Sie wollen sich einen besseren \u00dcberblick verschaffen oder wissen, welche Methoden Sie auch ohne Coaching nutzen k\u00f6nnen, um sich als F\u00fchrungskraft zu reflektieren? In meinen&nbsp;Vortr\u00e4gen gebe ich wissenschaftlich fundierten&nbsp;\u00dcberblicke zu den Themen Psychologische Sicherheit, Future Skills und Methoden zur Selbstreflexion. Sie erfahren, welchen Mehrwert eine&nbsp;psychologisch [&hellip;]<\/p>\n","protected":false},"author":1,"featured_media":0,"parent":0,"menu_order":1,"comment_status":"closed","ping_status":"closed","template":"page-no-title","meta":{"footnotes":""},"class_list":["post-86","page","type-page","status-publish","hentry"],"_links":{"self":[{"href":"https:\/\/dev.christianstaden.de\/metam-coaching\/wp-json\/wp\/v2\/pages\/86","targetHints":{"allow":["GET"]}}],"collection":[{"href":"https:\/\/dev.christianstaden.de\/metam-coaching\/wp-json\/wp\/v2\/pages"}],"about":[{"href":"https:\/\/dev.christianstaden.de\/metam-coaching\/wp-json\/wp\/v2\/types\/page"}],"author":[{"embeddable":true,"href":"https:\/\/dev.christianstaden.de\/metam-coaching\/wp-json\/wp\/v2\/users\/1"}],"replies":[{"embeddable":true,"href":"https:\/\/dev.christianstaden.de\/metam-coaching\/wp-json\/wp\/v2\/comments?post=86"}],"version-history":[{"count":12,"href":"https:\/\/dev.christianstaden.de\/metam-coaching\/wp-json\/wp\/v2\/pages\/86\/revisions"}],"predecessor-version":[{"id":408,"href":"https:\/\/dev.christianstaden.de\/metam-coaching\/wp-json\/wp\/v2\/pages\/86\/revisions\/408"}],"wp:attachment":[{"href":"https:\/\/dev.christianstaden.de\/metam-coaching\/wp-json\/wp\/v2\/media?parent=86"}],"curies":[{"name":"wp","href":"https:\/\/api.w.org\/{rel}","templated":true}]}}